{"id":13,"date":"2022-04-19T12:19:59","date_gmt":"2022-04-19T12:19:59","guid":{"rendered":"https:\/\/arahal.net\/?page_id=13"},"modified":"2022-06-10T08:34:40","modified_gmt":"2022-06-10T08:34:40","slug":"programas-que-usamos","status":"publish","type":"page","link":"https:\/\/arahal.net\/index.php\/programas-que-usamos\/","title":{"rendered":"TRABAJAMOS CON&#8230;"},"content":{"rendered":"\n<div class=\"wp-block-columns is-layout-flex wp-container-core-columns-is-layout-9d6595d7 wp-block-columns-is-layout-flex\">\n<div class=\"wp-block-column is-layout-flow wp-block-column-is-layout-flow\">\n<figure class=\"wp-block-image size-full is-resized\"><img loading=\"lazy\" decoding=\"async\" src=\"https:\/\/arahal.net\/wp-content\/uploads\/2022\/04\/logoSQL-Pyme-1.png\" alt=\"\" class=\"wp-image-387\" width=\"495\" height=\"281\" srcset=\"https:\/\/arahal.net\/wp-content\/uploads\/2022\/04\/logoSQL-Pyme-1.png 347w, https:\/\/arahal.net\/wp-content\/uploads\/2022\/04\/logoSQL-Pyme-1-300x170.png 300w\" sizes=\"auto, (max-width: 495px) 100vw, 495px\" \/><\/figure>\n<\/div>\n\n\n\n<div class=\"wp-block-column is-layout-flow wp-block-column-is-layout-flow\">\n<figure class=\"wp-block-image size-full is-resized\"><img loading=\"lazy\" decoding=\"async\" src=\"https:\/\/arahal.net\/wp-content\/uploads\/2022\/04\/logoSQL-Pyme-1.jpg\" alt=\"\" class=\"wp-image-397\" width=\"497\" height=\"282\" srcset=\"https:\/\/arahal.net\/wp-content\/uploads\/2022\/04\/logoSQL-Pyme-1.jpg 347w, https:\/\/arahal.net\/wp-content\/uploads\/2022\/04\/logoSQL-Pyme-1-300x170.jpg 300w\" sizes=\"auto, (max-width: 497px) 100vw, 497px\" \/><\/figure>\n<\/div>\n<\/div>\n\n\n\n<div class=\"wp-block-columns is-layout-flex wp-container-core-columns-is-layout-9d6595d7 wp-block-columns-is-layout-flex\">\n<div class=\"wp-block-column is-layout-flow wp-block-column-is-layout-flow\">\n<p>SQL Pyme es una\u00a0soluci\u00f3n ERP\u00a0especialmente dise\u00f1ada para que los aut\u00f3nomos y pymes puedan gestionar su negocio de forma centralizada, consiguiendo agilizar sus procesos y tareas, y reducir sus costes.<\/p>\n\n\n\n<p>Con SQL Pyme una peque\u00f1a empresa\u00a0<strong>puede controlar todas las \u00e1reas de su negocio<\/strong>, centralizando la informaci\u00f3n y automatizando muchas de las tareas y procesos de su d\u00eda a d\u00ed\u00ada. Para mas informaci\u00f3n o descargar SQL Pyme <a href=\"https:\/\/arahal.net\/index.php\/contactanos\/\"><\/a><a href=\"https:\/\/arahal.net\/index.php\/contactanos\/\">CONT\u00c1CTENOS<\/a>. <\/p>\n<\/div>\n\n\n\n<div class=\"wp-block-column is-layout-flow wp-block-column-is-layout-flow\">\n<p>SQL CONTA es una aplicaci\u00f3n de contabilidad general multiempresa y multiejercicio, que le ayudar\u00e1 a tener la informaci\u00f3n m\u00e1s completa sobre el estado econ\u00f3mico de su empresa.<\/p>\n\n\n\n<p>Este resultado se obtiene gracias a los m\u00f3dulos de contabilidad general, departamental, presupuestaria, amortizaciones, fiscal, estimaci\u00f3n directa, memorias, cuentas anuales, balances, informes&#8230; , que completan la informaci\u00f3n introducida a trav\u00e9s del diario. Para mas informaci\u00f3n o descargar SQL Conta <a href=\"https:\/\/arahal.net\/index.php\/contactanos\/\">CONT\u00c1CTENOS<\/a>. <\/p>\n<\/div>\n<\/div>\n\n\n\n<div class=\"wp-block-columns is-layout-flex wp-container-core-columns-is-layout-9d6595d7 wp-block-columns-is-layout-flex\">\n<div class=\"wp-block-column is-layout-flow wp-block-column-is-layout-flow\">\n<figure class=\"wp-block-image size-full is-resized\"><img loading=\"lazy\" decoding=\"async\" src=\"https:\/\/arahal.net\/wp-content\/uploads\/2022\/04\/logoSQL-Pyme1.jpg\" alt=\"\" class=\"wp-image-400\" width=\"497\" height=\"282\" srcset=\"https:\/\/arahal.net\/wp-content\/uploads\/2022\/04\/logoSQL-Pyme1.jpg 347w, https:\/\/arahal.net\/wp-content\/uploads\/2022\/04\/logoSQL-Pyme1-300x170.jpg 300w\" sizes=\"auto, (max-width: 497px) 100vw, 497px\" \/><\/figure>\n<\/div>\n\n\n\n<div class=\"wp-block-column is-layout-flow wp-block-column-is-layout-flow\">\n<figure class=\"wp-block-image size-full is-resized\"><img loading=\"lazy\" decoding=\"async\" src=\"https:\/\/arahal.net\/wp-content\/uploads\/2022\/04\/logoSQL-Pyme2.jpg\" alt=\"\" class=\"wp-image-401\" width=\"497\" height=\"282\" srcset=\"https:\/\/arahal.net\/wp-content\/uploads\/2022\/04\/logoSQL-Pyme2.jpg 347w, https:\/\/arahal.net\/wp-content\/uploads\/2022\/04\/logoSQL-Pyme2-300x170.jpg 300w\" sizes=\"auto, (max-width: 497px) 100vw, 497px\" \/><\/figure>\n<\/div>\n<\/div>\n\n\n\n<div class=\"wp-block-columns is-layout-flex wp-container-core-columns-is-layout-9d6595d7 wp-block-columns-is-layout-flex\">\n<div class=\"wp-block-column is-layout-flow wp-block-column-is-layout-flow\">\n<p>Con\u00a0<strong>SQL Obras<\/strong>\u00a0podr\u00e1 controlar y analizar los datos de sus proyectos desde una \u00fanica ventana, confeccionar sus presupuestos en modo \u00e1rbol, definir su cuadro de personal, maquinaria y subcontratas, generar la planificaci\u00f3n de ejecuci\u00f3n de las partidas de su proyecto y los recursos asociados&#8230; <\/p>\n\n\n\n<p>Gestione la informaci\u00f3n de su empresa gracias a la gesti\u00f3n documental integrada. Adem\u00e1s incluye funcionalidades como el informe de necesidades, la imputaci\u00f3n de costes, la posibilidad de registrar y consultar las incidencias y seguimientos de sus proyectos en la agenda incorporada, CRM, gesti\u00f3n de cobros y pagos&#8230; Para mas informaci\u00f3n o descargar SQL Obras <a href=\"https:\/\/arahal.net\/index.php\/contactanos\/\"><\/a><a href=\"https:\/\/arahal.net\/index.php\/contactanos\/\"><a href=\"https:\/\/arahal.net\/index.php\/contactanos\/\">CONT\u00c1CTENOS<\/a>.<\/a><\/p>\n<\/div>\n\n\n\n<div class=\"wp-block-column is-layout-flow wp-block-column-is-layout-flow\">\n<p>Con el programa\u00a0<strong>SQL TPV<\/strong>\u00a0podr\u00e1 no solo podr\u00e1 realizar tickets de manera intuitiva sino tambi\u00e9n funciones como mantener ticket en espera, generar vales de compra, realizar arqueos de caja, cobrar con m\u00faltiples formas de pago&#8230; <\/p>\n\n\n\n<p>Dispone tambi\u00e9n de otras funcionalidades como realizar b\u00fasquedas naturales y recursivas con teclado t\u00e1ctil, un sistema de fidelizaci\u00f3n con el que registrar y acumular las compras de sus clientes, la posibilidad de emitir tickets regalo junto con sus tickets de venta, enviar comunicaciones comerciales, ofertas, avisos&#8230; <\/p>\n\n\n\n<p>Adem\u00e1s\u00a0<strong>SQL TPV<\/strong>\u00a0le permite conectarse con balanzas, lectores de c\u00f3digos de barras, recogida de firma digital&#8230; para facilitar el registro de informaci\u00f3n y el proceso de venta. Para mas informaci\u00f3n o descargar SQL TPV <a href=\"https:\/\/arahal.net\/index.php\/contactanos\/\"><a href=\"https:\/\/arahal.net\/index.php\/contactanos\/\">CONT\u00c1CTENOS<\/a>.<\/a><\/p>\n<\/div>\n<\/div>\n\n\n\n<div class=\"wp-block-columns is-layout-flex wp-container-core-columns-is-layout-9d6595d7 wp-block-columns-is-layout-flex\">\n<div class=\"wp-block-column is-layout-flow wp-block-column-is-layout-flow\" style=\"flex-basis:100%\">\n<div class=\"wp-block-columns is-layout-flex wp-container-core-columns-is-layout-9d6595d7 wp-block-columns-is-layout-flex\">\n<div class=\"wp-block-column is-layout-flow wp-block-column-is-layout-flow\">\n<figure class=\"wp-block-image size-full is-resized\"><img loading=\"lazy\" decoding=\"async\" src=\"https:\/\/arahal.net\/wp-content\/uploads\/2022\/04\/9dda3f08102b372d92561312c6a3c737-2.jpg\" alt=\"\" class=\"wp-image-409\" width=\"496\" height=\"496\" srcset=\"https:\/\/arahal.net\/wp-content\/uploads\/2022\/04\/9dda3f08102b372d92561312c6a3c737-2.jpg 280w, https:\/\/arahal.net\/wp-content\/uploads\/2022\/04\/9dda3f08102b372d92561312c6a3c737-2-100x100.jpg 100w, https:\/\/arahal.net\/wp-content\/uploads\/2022\/04\/9dda3f08102b372d92561312c6a3c737-2-250x250.jpg 250w, https:\/\/arahal.net\/wp-content\/uploads\/2022\/04\/9dda3f08102b372d92561312c6a3c737-2-150x150.jpg 150w\" sizes=\"auto, (max-width: 496px) 100vw, 496px\" \/><\/figure>\n<\/div>\n\n\n\n<div class=\"wp-block-column is-layout-flow wp-block-column-is-layout-flow\">\n<figure class=\"wp-block-image size-full is-resized\"><img loading=\"lazy\" decoding=\"async\" src=\"https:\/\/arahal.net\/wp-content\/uploads\/2022\/04\/9dda3f08102b372d92561312c6a3c7373.jpg\" alt=\"\" class=\"wp-image-410\" width=\"496\" height=\"496\" srcset=\"https:\/\/arahal.net\/wp-content\/uploads\/2022\/04\/9dda3f08102b372d92561312c6a3c7373.jpg 280w, https:\/\/arahal.net\/wp-content\/uploads\/2022\/04\/9dda3f08102b372d92561312c6a3c7373-100x100.jpg 100w, https:\/\/arahal.net\/wp-content\/uploads\/2022\/04\/9dda3f08102b372d92561312c6a3c7373-250x250.jpg 250w, https:\/\/arahal.net\/wp-content\/uploads\/2022\/04\/9dda3f08102b372d92561312c6a3c7373-150x150.jpg 150w\" sizes=\"auto, (max-width: 496px) 100vw, 496px\" \/><\/figure>\n<\/div>\n<\/div>\n<\/div>\n<\/div>\n\n\n\n<div class=\"wp-block-columns is-layout-flex wp-container-core-columns-is-layout-9d6595d7 wp-block-columns-is-layout-flex\">\n<div class=\"wp-block-column is-layout-flow wp-block-column-is-layout-flow\">\n<p>XD Comercio es el m\u00e1s sencillo e intuitivo software del mercado\u00a0dirigido especialmente a la venta al por menor, as\u00ed como a la gesti\u00f3n de peque\u00f1as empresas con una red de tiendas. El XD Comercio se adapta a las necesidades de su negocio. El programa contempla posibilidades de adaptaci\u00f3n, tanto\u00a0a una gesti\u00f3n est\u00e1ndar del negocio o tienda,\u00a0 c\u00f3mo a la posibilidad de adaptarse a sectores espec\u00edficos tales como Supermercados y Gasolineras. Para mas informaci\u00f3n o descargar XD Comercio <a href=\"https:\/\/arahal.net\/index.php\/contactanos\/\">CONT\u00c1CTENOS<\/a>.<\/p>\n<\/div>\n\n\n\n<div class=\"wp-block-column is-layout-flow wp-block-column-is-layout-flow\">\n<p>Imagine una discoteca a plena hora punta con m\u00e1s de 5.000 clientes o bien, un pub o bar con m\u00e1s de 500 clientes en el momento \u00e1lgido, imagine tambi\u00e9n en esa situaci\u00f3n, la cantidad de registros y pagos que se efect\u00faan al minuto. Pues bien, el XD Disco se presenta como la opci\u00f3n m\u00e1s fiable para su negocio, la mejor soluci\u00f3n para las Discotecas y Bares con opciones \u00fanicas y espec\u00edficas que lo convierten en el software en el l\u00edder del sector. Para mas informaci\u00f3n o descargar XD Disco <a href=\"https:\/\/arahal.net\/index.php\/contactanos\/\">CONT\u00c1CTENOS<\/a>.<\/p>\n<\/div>\n<\/div>\n\n\n\n<div class=\"wp-block-columns is-layout-flex wp-container-core-columns-is-layout-9d6595d7 wp-block-columns-is-layout-flex\">\n<div class=\"wp-block-column is-layout-flow wp-block-column-is-layout-flow\">\n<figure class=\"wp-block-image size-full is-resized\"><img loading=\"lazy\" decoding=\"async\" src=\"https:\/\/arahal.net\/wp-content\/uploads\/2022\/04\/9dda3f08102b372d92561312c6a3c7372.jpg\" alt=\"\" class=\"wp-image-411\" width=\"496\" height=\"496\" srcset=\"https:\/\/arahal.net\/wp-content\/uploads\/2022\/04\/9dda3f08102b372d92561312c6a3c7372.jpg 280w, https:\/\/arahal.net\/wp-content\/uploads\/2022\/04\/9dda3f08102b372d92561312c6a3c7372-100x100.jpg 100w, https:\/\/arahal.net\/wp-content\/uploads\/2022\/04\/9dda3f08102b372d92561312c6a3c7372-250x250.jpg 250w, https:\/\/arahal.net\/wp-content\/uploads\/2022\/04\/9dda3f08102b372d92561312c6a3c7372-150x150.jpg 150w\" sizes=\"auto, (max-width: 496px) 100vw, 496px\" \/><\/figure>\n<\/div>\n\n\n\n<div class=\"wp-block-column is-layout-flow wp-block-column-is-layout-flow\">\n<figure class=\"wp-block-image size-full is-resized\"><img loading=\"lazy\" decoding=\"async\" src=\"https:\/\/arahal.net\/wp-content\/uploads\/2022\/04\/Rest.jpg\" alt=\"\" class=\"wp-image-412\" width=\"497\" height=\"497\" srcset=\"https:\/\/arahal.net\/wp-content\/uploads\/2022\/04\/Rest.jpg 280w, https:\/\/arahal.net\/wp-content\/uploads\/2022\/04\/Rest-100x100.jpg 100w, https:\/\/arahal.net\/wp-content\/uploads\/2022\/04\/Rest-250x250.jpg 250w, https:\/\/arahal.net\/wp-content\/uploads\/2022\/04\/Rest-150x150.jpg 150w\" sizes=\"auto, (max-width: 497px) 100vw, 497px\" \/><\/figure>\n<\/div>\n<\/div>\n\n\n\n<div class=\"wp-block-columns is-layout-flex wp-container-core-columns-is-layout-9d6595d7 wp-block-columns-is-layout-flex\">\n<div class=\"wp-block-column is-layout-flow wp-block-column-is-layout-flow\">\n<p>XD SPA desarrollado especialmente para las necesidades de los salones de belleza, peluquer\u00edas y SPA. Una versi\u00f3n completa de bajo coste con caracter\u00edsticas esenciales para la gesti\u00f3n de su negocio. Organice su agenda, controle las comisiones de los empleados, personalice las salas y espacios de trabajo en modo real. Para mas informaci\u00f3n o descargar XD SPA <a href=\"https:\/\/arahal.net\/index.php\/contactanos\/\">CONT\u00c1CTENOS<\/a>.<\/p>\n<\/div>\n\n\n\n<div class=\"wp-block-column is-layout-flow wp-block-column-is-layout-flow\">\n<p>Es el m\u00e1s completo software del mercado para la gesti\u00f3n de Restaurantes, Cafeter\u00edas, Bares, Pizzer\u00edas, Pasteler\u00edas y Confiter\u00edas, preparado para la mejor y m\u00e1s completa configuraci\u00f3n de los establecimientos y negocios antes mencionados. XD Rest es intuitivo, potente y de gran alcance en la Gesti\u00f3n de dichos negocios.  Para mas informaci\u00f3n o descargar XD Rest <a href=\"https:\/\/arahal.net\/index.php\/contactanos\/\">CONT\u00c1CTENOS<\/a>.<\/p>\n<\/div>\n<\/div>\n","protected":false},"excerpt":{"rendered":"<p>SQL Pyme es una\u00a0soluci\u00f3n ERP\u00a0especialmente dise\u00f1ada para que los aut\u00f3nomos y pymes puedan gestionar su negocio de forma centralizada, consiguiendo agilizar sus procesos y tareas, y reducir sus costes. Con [&hellip;]<\/p>\n","protected":false},"author":1,"featured_media":0,"parent":0,"menu_order":0,"comment_status":"closed","ping_status":"closed","template":"","meta":{"footnotes":""},"class_list":["post-13","page","type-page","status-publish","hentry"],"_links":{"self":[{"href":"https:\/\/arahal.net\/index.php\/wp-json\/wp\/v2\/pages\/13","targetHints":{"allow":["GET"]}}],"collection":[{"href":"https:\/\/arahal.net\/index.php\/wp-json\/wp\/v2\/pages"}],"about":[{"href":"https:\/\/arahal.net\/index.php\/wp-json\/wp\/v2\/types\/page"}],"author":[{"embeddable":true,"href":"https:\/\/arahal.net\/index.php\/wp-json\/wp\/v2\/users\/1"}],"replies":[{"embeddable":true,"href":"https:\/\/arahal.net\/index.php\/wp-json\/wp\/v2\/comments?post=13"}],"version-history":[{"count":17,"href":"https:\/\/arahal.net\/index.php\/wp-json\/wp\/v2\/pages\/13\/revisions"}],"predecessor-version":[{"id":526,"href":"https:\/\/arahal.net\/index.php\/wp-json\/wp\/v2\/pages\/13\/revisions\/526"}],"wp:attachment":[{"href":"https:\/\/arahal.net\/index.php\/wp-json\/wp\/v2\/media?parent=13"}],"curies":[{"name":"wp","href":"https:\/\/api.w.org\/{rel}","templated":true}]}}